{"id":99,"date":"2019-12-30T20:02:54","date_gmt":"2019-12-30T20:02:54","guid":{"rendered":"http:\/\/operacionservir.org.mx\/?page_id=99"},"modified":"2019-12-30T22:07:21","modified_gmt":"2019-12-30T22:07:21","slug":"quienes-somos","status":"publish","type":"page","link":"http:\/\/operacionservir.org.mx\/?page_id=99","title":{"rendered":"Quienes somos"},"content":{"rendered":"\t\t<div data-elementor-type=\"wp-page\" data-elementor-id=\"99\" class=\"elementor elementor-99\" data-elementor-settings=\"[]\">\n\t\t\t<div class=\"elementor-inner\">\n\t\t\t\t<div class=\"elementor-section-wrap\">\n\t\t\t\t\t\t\t<section class=\"elementor-element elementor-element-3f6c6ff0 elementor-section-content-middle elementor-section-stretched elementor-section-boxed elementor-section-height-default elementor-section-height-default elementor-section elementor-top-section\" data-id=\"3f6c6ff0\" data-element_type=\"section\" data-settings=\"{&quot;stretch_section&quot;:&quot;section-stretched&quot;}\">\n\t\t\t\t\t\t\t<div class=\"elementor-background-overlay\"><\/div>\n\t\t\t\t\t\t\t<div class=\"elementor-container elementor-column-gap-no\">\n\t\t\t\t<div class=\"elementor-row\">\n\t\t\t\t<div class=\"elementor-element elementor-element-57244761 elementor-column elementor-col-100 elementor-top-column\" data-id=\"57244761\" data-element_type=\"column\">\n\t\t\t<div class=\"elementor-column-wrap  elementor-element-populated\">\n\t\t\t\t\t<div class=\"elementor-widget-wrap\">\n\t\t\t\t<div class=\"elementor-element elementor-element-0c3baa0 elementor-widget elementor-widget-heading\" data-id=\"0c3baa0\" data-element_type=\"widget\" data-widget_type=\"heading.default\">\n\t\t\t\t<div class=\"elementor-widget-container\">\n\t\t\t<h2 class=\"elementor-heading-title elementor-size-default\">QUIENES SOMOS<\/h2>\t\t<\/div>\n\t\t\t\t<\/div>\n\t\t\t\t<div class=\"elementor-element elementor-element-5b1a32b2 elementor-view-framed elementor-vertical-align-top elementor-widget elementor-widget-icon-box\" data-id=\"5b1a32b2\" data-element_type=\"widget\" data-widget_type=\"icon-box.default\">\n\t\t\t\t<div class=\"elementor-widget-container\">\n\t\t\t\t\t<div class=\"elementor-icon-box-wrapper\">\n\t\t\t\t\t\t<div class=\"elementor-icon-box-content\">\n\t\t\t\t<h4 class=\"elementor-icon-box-title\">\n\t\t\t\t\t<span ><\/span>\n\t\t\t\t<\/h4>\n\t\t\t\t\t\t\t<\/div>\n\t\t<\/div>\n\t\t\t\t<\/div>\n\t\t\t\t<\/div>\n\t\t\t\t<div class=\"elementor-element elementor-element-441b118 elementor-widget elementor-widget-text-editor\" data-id=\"441b118\" data-element_type=\"widget\" data-widget_type=\"text-editor.default\">\n\t\t\t\t<div class=\"elementor-widget-container\">\n\t\t\t\t\t<div class=\"elementor-text-editor elementor-clearfix\"><p><span style=\"font-family: Arial, Helvetica, sans-serif; font-size: medium;\"><strong><span style=\"font-family: Verdana, Arial, Helvetica, sans-serif;\">Somos un grupo de personas comprometidas con la gente que vive en condiciones de pobreza extrema en nuestro Pa\u00eds. Sabemos que uniendo esfuerzos podemos\u00a0<\/span><span style=\"font-family: Verdana, Arial, Helvetica, sans-serif;\">lograr hacer la diferencia para muchos de ellos.<\/span><span style=\"font-family: Verdana, Arial, Helvetica, sans-serif;\"><br \/><\/span><\/strong><\/span><\/p>\n<p><span style=\"font-family: Verdana, Arial, Helvetica, sans-serif;\"><strong>Estamos integrados por voluntarios profesionistas del \u00e1rea de la salud, estilistas, maestros, ingenieros, estudiantes, amas de casa y muchos otros con un coraz\u00f3n para servir. Todos ellos nos apoyan no solamente con su profesi\u00f3n, tiempo y talentos sino tambi\u00e9n con sus recursos. Estamos muy agradecidos a todos y cada uno de ellos por su respuesta a la necesidad de miles de personas que viven en tiraderos de basura, zonas marginadas y zonas de dif\u00edcil acceso en todo nuestro querido M\u00e9xico.<\/strong><\/span><\/p><\/div>\n\t\t\t\t<\/div>\n\t\t\t\t<\/div>\n\t\t\t\t\t\t<\/div>\n\t\t\t<\/div>\n\t\t<\/div>\n\t\t\t\t\t\t<\/div>\n\t\t\t<\/div>\n\t\t<\/section>\n\t\t\t\t<section class=\"elementor-element elementor-element-b2fd538 elementor-section-content-middle elementor-section-stretched elementor-section-full_width elementor-section-height-default elementor-section-height-default elementor-section elementor-top-section\" data-id=\"b2fd538\" data-element_type=\"section\" data-settings=\"{&quot;background_background&quot;:&quot;classic&quot;,&quot;stretch_section&quot;:&quot;section-stretched&quot;}\">\n\t\t\t\t\t\t<div class=\"elementor-container elementor-column-gap-no\">\n\t\t\t\t<div class=\"elementor-row\">\n\t\t\t\t<div class=\"elementor-element elementor-element-17df5ee6 elementor-column elementor-col-50 elementor-top-column\" data-id=\"17df5ee6\" data-element_type=\"column\">\n\t\t\t<div class=\"elementor-column-wrap  elementor-element-populated\">\n\t\t\t\t\t<div class=\"elementor-widget-wrap\">\n\t\t\t\t<div class=\"elementor-element elementor-element-665c9fb0 elementor-position-left elementor-vertical-align-middle elementor-widget elementor-widget-image-box\" data-id=\"665c9fb0\" data-element_type=\"widget\" data-widget_type=\"image-box.default\">\n\t\t\t\t<div class=\"elementor-widget-container\">\n\t\t\t<div class=\"elementor-image-box-wrapper\"><figure class=\"elementor-image-box-img\"><img loading=\"lazy\" decoding=\"async\" width=\"143\" height=\"198\" src=\"http:\/\/operacionservir.org.mx\/wp-content\/uploads\/2019\/12\/Sameh-and-Connie.jpg\" class=\"attachment-full size-full\" alt=\"\" \/><\/figure><div class=\"elementor-image-box-content\"><h3 class=\"elementor-image-box-title\">Dr. Sameh y Connie Sadik<\/h3><p class=\"elementor-image-box-description\">Presidentes<\/p><\/div><\/div>\t\t<\/div>\n\t\t\t\t<\/div>\n\t\t\t\t<div class=\"elementor-element elementor-element-2ef89827 elementor-widget elementor-widget-text-editor\" data-id=\"2ef89827\" data-element_type=\"widget\" data-widget_type=\"text-editor.default\">\n\t\t\t\t<div class=\"elementor-widget-container\">\n\t\t\t\t\t<div class=\"elementor-text-editor elementor-clearfix\"><p><span style=\"font-family: Verdana, Arial, Helvetica, sans-serif;\"><strong>Es un honor para nosotros servir como Presidentes del\u00a0<span style=\"font-size: medium;\">Comit\u00e9 Internacional de la Estrategia de la Misi\u00f3n de Operaci\u00f3n Servir.<\/span><\/strong><\/span><\/p>\n<p><strong><span style=\"font-family: Verdana, Arial, Helvetica, sans-serif; font-size: medium;\">Atendiendo a las necesidades de los que menos tienen, en zonas marginadas y de dif\u00edcil acceso.<\/span><\/strong><\/p>\n<p><strong><span style=\"font-family: Verdana, Arial, Helvetica, sans-serif; font-size: medium;\">Supliendo algunas de sus necesidades b\u00e1sicas a traves de nuestra labor y un mensaje de confianza y aliento para seguir adelante.<\/span><\/strong><\/p><\/div>\n\t\t\t\t<\/div>\n\t\t\t\t<\/div>\n\t\t\t\t<div class=\"elementor-element elementor-element-6955a825 elementor-shape-rounded elementor-widget elementor-widget-social-icons\" data-id=\"6955a825\" data-element_type=\"widget\" data-widget_type=\"social-icons.default\">\n\t\t\t\t<div class=\"elementor-widget-container\">\n\t\t\t\t\t<div class=\"elementor-social-icons-wrapper\">\n\t\t\t\t\t\t\t<a class=\"elementor-icon elementor-social-icon elementor-social-icon-facebook elementor-animation-grow elementor-repeater-item-8b93740\" target=\"_blank\">\n\t\t\t\t\t<span class=\"elementor-screen-only\">Facebook<\/span>\n\t\t\t\t\t\t\t\t\t\t\t<i class=\"fa fa-facebook\"><\/i>\n\t\t\t\t\t\t\t\t\t<\/a>\n\t\t\t\t\t\t\t<a class=\"elementor-icon elementor-social-icon elementor-social-icon-twitter elementor-animation-grow elementor-repeater-item-d2b7695\" target=\"_blank\">\n\t\t\t\t\t<span class=\"elementor-screen-only\">Twitter<\/span>\n\t\t\t\t\t\t\t\t\t\t\t<i class=\"fa fa-twitter\"><\/i>\n\t\t\t\t\t\t\t\t\t<\/a>\n\t\t\t\t\t\t\t<a class=\"elementor-icon elementor-social-icon elementor-social-icon-dribbble elementor-animation-grow elementor-repeater-item-0831677\" target=\"_blank\">\n\t\t\t\t\t<span class=\"elementor-screen-only\">Dribbble<\/span>\n\t\t\t\t\t\t\t\t\t\t\t<i class=\"fa fa-dribbble\"><\/i>\n\t\t\t\t\t\t\t\t\t<\/a>\n\t\t\t\t\t\t\t<a class=\"elementor-icon elementor-social-icon elementor-social-icon-behance elementor-animation-grow elementor-repeater-item-0ac3790\" target=\"_blank\">\n\t\t\t\t\t<span class=\"elementor-screen-only\">Behance<\/span>\n\t\t\t\t\t\t\t\t\t\t\t<i class=\"fa fa-behance\"><\/i>\n\t\t\t\t\t\t\t\t\t<\/a>\n\t\t\t\t\t<\/div>\n\t\t\t\t<\/div>\n\t\t\t\t<\/div>\n\t\t\t\t\t\t<\/div>\n\t\t\t<\/div>\n\t\t<\/div>\n\t\t\t\t<div class=\"elementor-element elementor-element-4b49e4b8 elementor-column elementor-col-50 elementor-top-column\" data-id=\"4b49e4b8\" data-element_type=\"column\">\n\t\t\t<div class=\"elementor-column-wrap  elementor-element-populated\">\n\t\t\t\t\t<div class=\"elementor-widget-wrap\">\n\t\t\t\t<div class=\"elementor-element elementor-element-347c0a4f elementor-position-left elementor-vertical-align-middle elementor-widget elementor-widget-image-box\" data-id=\"347c0a4f\" data-element_type=\"widget\" data-widget_type=\"image-box.default\">\n\t\t\t\t<div class=\"elementor-widget-container\">\n\t\t\t<div class=\"elementor-image-box-wrapper\"><figure class=\"elementor-image-box-img\"><img loading=\"lazy\" decoding=\"async\" width=\"238\" height=\"337\" src=\"http:\/\/operacionservir.org.mx\/wp-content\/uploads\/2019\/12\/RosaMariaCortina.jpg\" class=\"attachment-full size-full\" alt=\"\" srcset=\"http:\/\/operacionservir.org.mx\/wp-content\/uploads\/2019\/12\/RosaMariaCortina.jpg 238w, http:\/\/operacionservir.org.mx\/wp-content\/uploads\/2019\/12\/RosaMariaCortina-212x300.jpg 212w\" sizes=\"(max-width: 238px) 100vw, 238px\" \/><\/figure><div class=\"elementor-image-box-content\"><h3 class=\"elementor-image-box-title\">Rosa Mar\u00eda Cortina<\/h3><p class=\"elementor-image-box-description\">Directora Nacional\n <\/p><\/div><\/div>\t\t<\/div>\n\t\t\t\t<\/div>\n\t\t\t\t<div class=\"elementor-element elementor-element-1f5ac679 elementor-widget elementor-widget-text-editor\" data-id=\"1f5ac679\" data-element_type=\"widget\" data-widget_type=\"text-editor.default\">\n\t\t\t\t<div class=\"elementor-widget-container\">\n\t\t\t\t\t<div class=\"elementor-text-editor elementor-clearfix\"><p><span style=\"font-family: Verdana, Arial, Helvetica, sans-serif;\"><strong>La necesidad en M\u00e9xico es muy grande, existen personas de escasos recursos viviendo en pobreza extrema. Por esta raz\u00f3n nacio Operaci\u00f3n Servir, para llevarles un mensaje de esperanza a traves de suplir algunas de sus necesidades b\u00e1sicas.<\/strong><\/span><\/p>\n<p><strong><span style=\"font-family: Verdana, Arial, Helvetica, sans-serif;\">Contamos con el apoyo de voluntarios Profesionistas, Estudiantes, Amas de casa etc. personas con un gran amor por los que menos tienen.<\/span><\/strong><\/p>\n<p><strong><span style=\"font-family: Verdana, Arial, Helvetica, sans-serif;\">Te invitamos a participar con nosotros y vivir la gran experiencia de serivr a nuestros hermanos Mexicanos.<\/span><\/strong><\/p><\/div>\n\t\t\t\t<\/div>\n\t\t\t\t<\/div>\n\t\t\t\t<div class=\"elementor-element elementor-element-35d3fda1 elementor-shape-rounded elementor-widget elementor-widget-social-icons\" data-id=\"35d3fda1\" data-element_type=\"widget\" data-widget_type=\"social-icons.default\">\n\t\t\t\t<div class=\"elementor-widget-container\">\n\t\t\t\t\t<div class=\"elementor-social-icons-wrapper\">\n\t\t\t\t\t\t\t<a class=\"elementor-icon elementor-social-icon elementor-social-icon-facebook elementor-animation-grow elementor-repeater-item-8b93740\" target=\"_blank\">\n\t\t\t\t\t<span class=\"elementor-screen-only\">Facebook<\/span>\n\t\t\t\t\t\t\t\t\t\t\t<i class=\"fa fa-facebook\"><\/i>\n\t\t\t\t\t\t\t\t\t<\/a>\n\t\t\t\t\t\t\t<a class=\"elementor-icon elementor-social-icon elementor-social-icon-twitter elementor-animation-grow elementor-repeater-item-d2b7695\" target=\"_blank\">\n\t\t\t\t\t<span class=\"elementor-screen-only\">Twitter<\/span>\n\t\t\t\t\t\t\t\t\t\t\t<i class=\"fa fa-twitter\"><\/i>\n\t\t\t\t\t\t\t\t\t<\/a>\n\t\t\t\t\t\t\t<a class=\"elementor-icon elementor-social-icon elementor-social-icon-dribbble elementor-animation-grow elementor-repeater-item-0831677\" target=\"_blank\">\n\t\t\t\t\t<span class=\"elementor-screen-only\">Dribbble<\/span>\n\t\t\t\t\t\t\t\t\t\t\t<i class=\"fa fa-dribbble\"><\/i>\n\t\t\t\t\t\t\t\t\t<\/a>\n\t\t\t\t\t\t\t<a class=\"elementor-icon elementor-social-icon elementor-social-icon-behance elementor-animation-grow elementor-repeater-item-0ac3790\" target=\"_blank\">\n\t\t\t\t\t<span class=\"elementor-screen-only\">Behance<\/span>\n\t\t\t\t\t\t\t\t\t\t\t<i class=\"fa fa-behance\"><\/i>\n\t\t\t\t\t\t\t\t\t<\/a>\n\t\t\t\t\t<\/div>\n\t\t\t\t<\/div>\n\t\t\t\t<\/div>\n\t\t\t\t\t\t<\/div>\n\t\t\t<\/div>\n\t\t<\/div>\n\t\t\t\t\t\t<\/div>\n\t\t\t<\/div>\n\t\t<\/section>\n\t\t\t\t\t\t<\/div>\n\t\t\t<\/div>\n\t\t<\/div>\n\t\t","protected":false},"excerpt":{"rendered":"<p>QUIENES SOMOS Somos un grupo de personas comprometidas con la gente que vive en condiciones de pobreza extrema en nuestro Pa\u00eds. Sabemos que uniendo esfuerzos podemos\u00a0lograr hacer la diferencia para muchos de ellos. Estamos integrados por voluntarios profesionistas del \u00e1rea de la salud, estilistas, maestros, ingenieros, estudiantes, amas de casa y muchos otros con un &hellip;<\/p>\n<p class=\"read-more\"> <a class=\"\" href=\"http:\/\/operacionservir.org.mx\/?page_id=99\"> <span class=\"screen-reader-text\">Quienes somos<\/span> Leer m\u00e1s &raquo;<\/a><\/p>\n","protected":false},"author":1,"featured_media":0,"parent":0,"menu_order":0,"comment_status":"closed","ping_status":"closed","template":"","meta":{"footnotes":""},"_links":{"self":[{"href":"http:\/\/operacionservir.org.mx\/index.php?rest_route=\/wp\/v2\/pages\/99"}],"collection":[{"href":"http:\/\/operacionservir.org.mx\/index.php?rest_route=\/wp\/v2\/pages"}],"about":[{"href":"http:\/\/operacionservir.org.mx\/index.php?rest_route=\/wp\/v2\/types\/page"}],"author":[{"embeddable":true,"href":"http:\/\/operacionservir.org.mx\/index.php?rest_route=\/wp\/v2\/users\/1"}],"replies":[{"embeddable":true,"href":"http:\/\/operacionservir.org.mx\/index.php?rest_route=%2Fwp%2Fv2%2Fcomments&post=99"}],"version-history":[{"count":10,"href":"http:\/\/operacionservir.org.mx\/index.php?rest_route=\/wp\/v2\/pages\/99\/revisions"}],"predecessor-version":[{"id":157,"href":"http:\/\/operacionservir.org.mx\/index.php?rest_route=\/wp\/v2\/pages\/99\/revisions\/157"}],"wp:attachment":[{"href":"http:\/\/operacionservir.org.mx\/index.php?rest_route=%2Fwp%2Fv2%2Fmedia&parent=99"}],"curies":[{"name":"wp","href":"https:\/\/api.w.org\/{rel}","templated":true}]}}